{"id":8,"date":"2020-10-22T14:55:02","date_gmt":"2020-10-22T12:55:02","guid":{"rendered":"http:\/\/loeufalacoque.com\/?page_id=8"},"modified":"2024-02-08T15:19:27","modified_gmt":"2024-02-08T14:19:27","slug":"accueil","status":"publish","type":"page","link":"https:\/\/loeufalacoque.com\/","title":{"rendered":"\u00c0 propos"},"content":{"rendered":"<p><strong>Pr\u00e9sentation<\/strong><\/p>\n<p><em>L&rsquo;Oeuf \u00e0 la cOque<\/em> propose des ateliers cr\u00e9atifs et p\u00e9dagogiques de r\u00e9alisation de films d&rsquo;animation, de fiction et de documentaire.<\/p>\n<p>Guid\u00e9s par des professionnels de l&rsquo;audiovisuel d\u00e8s l&rsquo;\u00e9criture du sc\u00e9nario jusqu&rsquo;au montage, en passant par le tournage, ces courts m\u00e9trages prennent la forme d&rsquo;une \u0153uvre originale pouvant \u00eatre diffus\u00e9e \u00e0 un large public.<\/p>\n<p>Le principal objectif de ces ateliers est de permettre \u00e0 tous d&rsquo;utiliser les techniques et le m\u00e9dia de l&rsquo;audiovisuel comme un outil d&rsquo;expression&#8230; une libert\u00e9 de cr\u00e9ation.<\/p>\n\n\n<div class=\"wp-block-group alignwide\"><div class=\"wp-block-group__inner-container\">\n<div class=\"wp-block-group\"><div class=\"wp-block-group__inner-container\">\n<figure class=\"wp-block-embed-youtube aligncenter wp-block-embed is-type-video is-provider-youtube wp-embed-aspect-16-9 wp-has-aspect-ratio\"><div class=\"wp-block-embed__wrapper\">\n<iframe  id=\"_ytid_85813\"  width=\"525\" height=\"295\"  data-origwidth=\"525\" data-origheight=\"295\"  src=\"https:\/\/www.youtube.com\/embed\/7k5S-mInNXo?enablejsapi=1&#038;autoplay=0&#038;cc_load_policy=0&#038;cc_lang_pref=&#038;iv_load_policy=1&#038;loop=0&#038;modestbranding=0&#038;rel=1&#038;fs=1&#038;playsinline=0&#038;autohide=2&#038;theme=dark&#038;color=red&#038;controls=1&#038;\" class=\"__youtube_prefs__  epyt-is-override  no-lazyload\" title=\"YouTube player\"  allow=\"autoplay; encrypted-media\" allowfullscreen data-no-lazy=\"1\" data-skipgform_ajax_framebjll=\"\"><\/iframe>\n<\/div><figcaption>Regarder la pr\u00e9sentation vid\u00e9o de L&rsquo;Oeuf \u00e0 la cOque<\/figcaption><\/figure>\n<\/div><\/div>\n<\/div><\/div>\n\n\n<p>\u00a0<\/p>\n<hr \/>\n<p><strong>Pour qui ?<\/strong><\/p>\n<p>Pour tous ! Enfants, adolescents, adultes. De 4 \u00e0 104 ans ! Pour les \u00e9coles, centres de vacances, collectivit\u00e9s, mus\u00e9es, festivals, comit\u00e9s d&rsquo;entreprises, lieux socioculturels, tiers-lieux, MECS, Maisons d&rsquo;arr\u00eat, EHPAD, etc&#8230; Pour tous ceux qui souhaitent s&rsquo;exprimer \u00e0 travers un film.<\/p>\n<hr \/>\n<p><strong>O\u00f9 ?<\/strong><\/p>\n<p>Partout ! \u00c0 la ville, \u00e0 la campagne, dans une prison, sur une plage, dans un cin\u00e9ma, dans une classe d&rsquo;\u00e9cole, etc.<\/p>\n<p>Suivant le type de projet, la r\u00e9alisation d&rsquo;un court m\u00e9trage pourra s&rsquo;adapter \u00e0 un lieu ou \u00e0 ses habitants, mais il pourra aussi \u00eatre l&rsquo;objet de la fabrication d&rsquo;un d\u00e9cor sp\u00e9cifique. Le mat\u00e9riel se d\u00e9place ! Que ce soit pour un film d&rsquo;animation ou de fiction, un studio mobile d\u00e9barque et une \u00e9quipe \u00e9ph\u00e9m\u00e8re se forme.<\/p>\n<hr \/>\n<p><strong>Quelle dur\u00e9e ?<\/strong><\/p>\n<p>Il faut compter un minimum d&rsquo;une semaine d&rsquo;intervention pour <strong>r\u00e9aliser un court m\u00e9trage<\/strong> d&rsquo;une dur\u00e9e de cinq minutes environ (la dur\u00e9e varie en fonction du choix de la technique et du genre cin\u00e9matographique). Selon le nombre de participants, l&rsquo;\u00e2ge et les conditions d&rsquo;accueil, diff\u00e9rentes m\u00e9thodes de travail sont envisageables et adaptables.<\/p>\n<p>Certains projets peuvent \u00eatre plus courts si le format l\u2019est aussi. Par exemple, la <strong>r\u00e9alisation d\u2019une bande annonce<\/strong> pour un \u00e9v\u00e8nement peut se faire sur un temps court d\u2019intervention. Ces ateliers peuvent \u00eatre ouverts au public durant l\u2019\u00e9v\u00e8nement ou organis\u00e9s en amont avec une collectivit\u00e9 locale par exemple.<\/p>\n<p>Aussi, nous proposons la <strong>r\u00e9alisation d&rsquo;un po\u00e8me cin\u00e9matographique : l&rsquo;atelier <em>Ha\u00efkino<\/em><\/strong>. De l\u2019\u00e9criture du sc\u00e9nario au montage, en passant par le tournage, chacun mettra sa main \u00e0 la p\u00e2te pour r\u00e9aliser un court m\u00e9trage d\u2019animation en trois jours. Seul principe \u00e0 respecter : raconter une histoire en trois plans !<\/p>\n<p><a href=\"http:\/\/loeufalacoque.com\/index.php\/haikino\/\">Cliquez ici pour en savoir plus sur les <em><strong>Ha\u00efkino<\/strong><\/em><\/a><\/p>\n\n\n<hr class=\"wp-block-separator is-style-wide\"\/>\n\n\n\n<p><strong>Diffusion et valorisation<\/strong><\/p>\n\n\n\n<p>Nous pensons qu&rsquo;une \u0153uvre doit vivre le plus longtemps possible. Afin de valoriser le travail de chaque participant, toutes nos r\u00e9alisations peuvent concourir pour des festivals de cin\u00e9ma.  Certaines \u0153uvres pourront \u00eatre s\u00e9lectionn\u00e9es voire m\u00eame remporter un prix. <\/p>\n\n\n\n<ul class=\"wp-block-social-links aligncenter is-style-default\">\n\n\n\n\n\n\n\n\n\n<li class=\"wp-social-link wp-social-link-instagram\"><a href=\"https:\/\/www.instagram.com\/loeufalacoque_asso\/\" aria-label=\"Instagram\"> <svg width=\"24\" height=\"24\" viewBox=\"0 0 24 24\" version=\"1.1\" xmlns=\"http:\/\/www.w3.org\/2000\/svg\" role=\"img\" aria-hidden=\"true\" focusable=\"false\"><path d=\"M12,4.622c2.403,0,2.688,0.009,3.637,0.052c0.877,0.04,1.354,0.187,1.671,0.31c0.42,0.163,0.72,0.358,1.035,0.673 c0.315,0.315,0.51,0.615,0.673,1.035c0.123,0.317,0.27,0.794,0.31,1.671c0.043,0.949,0.052,1.234,0.052,3.637 s-0.009,2.688-0.052,3.637c-0.04,0.877-0.187,1.354-0.31,1.671c-0.163,0.42-0.358,0.72-0.673,1.035 c-0.315,0.315-0.615,0.51-1.035,0.673c-0.317,0.123-0.794,0.27-1.671,0.31c-0.949,0.043-1.233,0.052-3.637,0.052 s-2.688-0.009-3.637-0.052c-0.877-0.04-1.354-0.187-1.671-0.31c-0.42-0.163-0.72-0.358-1.035-0.673 c-0.315-0.315-0.51-0.615-0.673-1.035c-0.123-0.317-0.27-0.794-0.31-1.671C4.631,14.688,4.622,14.403,4.622,12 s0.009-2.688,0.052-3.637c0.04-0.877,0.187-1.354,0.31-1.671c0.163-0.42,0.358-0.72,0.673-1.035 c0.315-0.315,0.615-0.51,1.035-0.673c0.317-0.123,0.794-0.27,1.671-0.31C9.312,4.631,9.597,4.622,12,4.622 M12,3 C9.556,3,9.249,3.01,8.289,3.054C7.331,3.098,6.677,3.25,6.105,3.472C5.513,3.702,5.011,4.01,4.511,4.511 c-0.5,0.5-0.808,1.002-1.038,1.594C3.25,6.677,3.098,7.331,3.054,8.289C3.01,9.249,3,9.556,3,12c0,2.444,0.01,2.751,0.054,3.711 c0.044,0.958,0.196,1.612,0.418,2.185c0.23,0.592,0.538,1.094,1.038,1.594c0.5,0.5,1.002,0.808,1.594,1.038 c0.572,0.222,1.227,0.375,2.185,0.418C9.249,20.99,9.556,21,12,21s2.751-0.01,3.711-0.054c0.958-0.044,1.612-0.196,2.185-0.418 c0.592-0.23,1.094-0.538,1.594-1.038c0.5-0.5,0.808-1.002,1.038-1.594c0.222-0.572,0.375-1.227,0.418-2.185 C20.99,14.751,21,14.444,21,12s-0.01-2.751-0.054-3.711c-0.044-0.958-0.196-1.612-0.418-2.185c-0.23-0.592-0.538-1.094-1.038-1.594 c-0.5-0.5-1.002-0.808-1.594-1.038c-0.572-0.222-1.227-0.375-2.185-0.418C14.751,3.01,14.444,3,12,3L12,3z M12,7.378 c-2.552,0-4.622,2.069-4.622,4.622S9.448,16.622,12,16.622s4.622-2.069,4.622-4.622S14.552,7.378,12,7.378z M12,15 c-1.657,0-3-1.343-3-3s1.343-3,3-3s3,1.343,3,3S13.657,15,12,15z M16.804,6.116c-0.596,0-1.08,0.484-1.08,1.08 s0.484,1.08,1.08,1.08c0.596,0,1.08-0.484,1.08-1.08S17.401,6.116,16.804,6.116z\"><\/path><\/svg><\/a><\/li>\n\n<li class=\"wp-social-link wp-social-link-facebook\"><a href=\"https:\/\/www.facebook.com\/loeufalacoque\" aria-label=\"Facebook\"> <svg width=\"24\" height=\"24\" viewBox=\"0 0 24 24\" version=\"1.1\" xmlns=\"http:\/\/www.w3.org\/2000\/svg\" role=\"img\" aria-hidden=\"true\" focusable=\"false\"><path d=\"M12 2C6.5 2 2 6.5 2 12c0 5 3.7 9.1 8.4 9.9v-7H7.9V12h2.5V9.8c0-2.5 1.5-3.9 3.8-3.9 1.1 0 2.2.2 2.2.2v2.5h-1.3c-1.2 0-1.6.8-1.6 1.6V12h2.8l-.4 2.9h-2.3v7C18.3 21.1 22 17 22 12c0-5.5-4.5-10-10-10z\"><\/path><\/svg><\/a><\/li>\n\n<li class=\"wp-social-link wp-social-link-youtube\"><a href=\"https:\/\/youtube.com\/channel\/UC3g47xeTpOiMN8o0j9ZAm-Q\" aria-label=\"YouTube\"> <svg width=\"24\" height=\"24\" viewBox=\"0 0 24 24\" version=\"1.1\" xmlns=\"http:\/\/www.w3.org\/2000\/svg\" role=\"img\" aria-hidden=\"true\" focusable=\"false\"><path d=\"M21.8,8.001c0,0-0.195-1.378-0.795-1.985c-0.76-0.797-1.613-0.801-2.004-0.847c-2.799-0.202-6.997-0.202-6.997-0.202 h-0.009c0,0-4.198,0-6.997,0.202C4.608,5.216,3.756,5.22,2.995,6.016C2.395,6.623,2.2,8.001,2.2,8.001S2,9.62,2,11.238v1.517 c0,1.618,0.2,3.237,0.2,3.237s0.195,1.378,0.795,1.985c0.761,0.797,1.76,0.771,2.205,0.855c1.6,0.153,6.8,0.201,6.8,0.201 s4.203-0.006,7.001-0.209c0.391-0.047,1.243-0.051,2.004-0.847c0.6-0.607,0.795-1.985,0.795-1.985s0.2-1.618,0.2-3.237v-1.517 C22,9.62,21.8,8.001,21.8,8.001z M9.935,14.594l-0.001-5.62l5.404,2.82L9.935,14.594z\"><\/path><\/svg><\/a><\/li><\/ul>\n\n\n\n<p><\/p>\n","protected":false},"excerpt":{"rendered":"<p>Pr\u00e9sentation L&rsquo;Oeuf \u00e0 la cOque propose des ateliers cr\u00e9atifs et p\u00e9dagogiques de r\u00e9alisation de films d&rsquo;animation, de fiction et de documentaire. Guid\u00e9s par des professionnels de l&rsquo;audiovisuel d\u00e8s l&rsquo;\u00e9criture du sc\u00e9nario jusqu&rsquo;au montage, en passant par le tournage, ces courts m\u00e9trages prennent la forme d&rsquo;une \u0153uvre originale pouvant \u00eatre diffus\u00e9e \u00e0 un large public. Le &hellip; <\/p>\n<p class=\"link-more\"><a href=\"https:\/\/loeufalacoque.com\/\" class=\"more-link\">Continuer la lecture<span class=\"screen-reader-text\"> de &laquo;&nbsp;\u00c0 propos&nbsp;&raquo;<\/span><\/a><\/p>\n","protected":false},"author":1,"featured_media":0,"parent":0,"menu_order":0,"comment_status":"closed","ping_status":"closed","template":"","meta":[],"_links":{"self":[{"href":"https:\/\/loeufalacoque.com\/index.php\/wp-json\/wp\/v2\/pages\/8"}],"collection":[{"href":"https:\/\/loeufalacoque.com\/index.php\/wp-json\/wp\/v2\/pages"}],"about":[{"href":"https:\/\/loeufalacoque.com\/index.php\/wp-json\/wp\/v2\/types\/page"}],"author":[{"embeddable":true,"href":"https:\/\/loeufalacoque.com\/index.php\/wp-json\/wp\/v2\/users\/1"}],"replies":[{"embeddable":true,"href":"https:\/\/loeufalacoque.com\/index.php\/wp-json\/wp\/v2\/comments?post=8"}],"version-history":[{"count":51,"href":"https:\/\/loeufalacoque.com\/index.php\/wp-json\/wp\/v2\/pages\/8\/revisions"}],"predecessor-version":[{"id":568,"href":"https:\/\/loeufalacoque.com\/index.php\/wp-json\/wp\/v2\/pages\/8\/revisions\/568"}],"wp:attachment":[{"href":"https:\/\/loeufalacoque.com\/index.php\/wp-json\/wp\/v2\/media?parent=8"}],"curies":[{"name":"wp","href":"https:\/\/api.w.org\/{rel}","templated":true}]}}